{"id":10263,"date":"2024-09-08T16:25:33","date_gmt":"2024-09-08T16:25:33","guid":{"rendered":"https:\/\/puntacana.tours\/?post_type=product&#038;p=10263"},"modified":"2024-09-20T22:20:21","modified_gmt":"2024-09-20T22:20:21","slug":"saona-island-catamaran-tour-to-a-dream-beach-all-inclusive","status":"publish","type":"product","link":"https:\/\/puntacana.tours\/cs\/dominican\/vylet-katamaranem-na-ostrov-saona-na-plaz-snu-all-inclusive\/","title":{"rendered":"Ostrov Saona: Katamar\u00e1nem na pl\u00e1\u017e sn\u016f, all inclusive"},"content":{"rendered":"<p><strong>Ostrov Saona: Katamar\u00e1nem na pl\u00e1\u017e sn\u016f, all-inclusive<\/strong><\/p>\n<p>Aktivita za\u010d\u00edn\u00e1 v Bayahibe, p\u016fvabn\u00e9 ryb\u00e1\u0159sk\u00e9 vesnici a p\u0159\u00edstavu, kter\u00fd je v\u00fdchoz\u00edm bodem v\u0161ech v\u00fdlet\u016f na ostrov Saona. Sem p\u0159ijedou transferov\u00e9 autobusy a v\u0161ichni \u00fa\u010dastn\u00edci se shrom\u00e1\u017ed\u00ed a p\u0159iprav\u00ed k nalod\u011bn\u00ed na plachetn\u00ed katamar\u00e1n pomoc\u00ed kyvadlov\u00e9 lodi.<\/p>\n<p>Zde se na pl\u00e1\u017ei setk\u00e1te se sv\u00fdm pr\u016fvodcem, kter\u00fd v\u00e1m poskytne ve\u0161ker\u00e9 informace pot\u0159ebn\u00e9 k tomu, abyste si tento n\u00e1dhern\u00fd z\u00e1\u017eitek co nejl\u00e9pe u\u017eili. D\u00e1 v\u00e1m tak\u00e9 instrukce k nalod\u011bn\u00ed a m\u016f\u017eete vyrazit! Jakmile jsou v\u0161ichni na palub\u011b, za\u010d\u00edn\u00e1 kouzlo, proto\u017ee plachty se zvedaj\u00ed a pluj\u00ed sm\u011brem k ostrovu Saona a jeho rajsk\u00fdm pl\u00e1\u017e\u00edm.<\/p>\n<p>Katamar\u00e1n se nejprve vyd\u00e1 pod\u00e9l pob\u0159e\u017e\u00ed, odkud se v\u00e1m naskytne \u00fachvatn\u00fd pohled na n\u00e1dhernou krajinu n\u00e1rodn\u00edho parku Cotubanama, kter\u00fd je chr\u00e1n\u011bnou p\u0159\u00edrodn\u00ed oblast\u00ed v\u00fdjime\u010dn\u00e9 kr\u00e1sy. P\u0159i plavb\u011b karibsk\u00fdmi vodami si m\u016f\u017eete vychutnat m\u00edstn\u00ed rum a poslechnout si typickou hudbu, jako je merengue nebo bachata, a p\u0159itom obdivovat \u00fachvatn\u00e9 barvy vody a oblohy. Vyu\u017eijte t\u011bchto relaxa\u010dn\u00edch chvil k na\u010derp\u00e1n\u00ed nov\u00fdch sil!<\/p>\n<p>Po zhruba 1 hodin\u011b a 45 minut\u00e1ch odpo\u010dinku na palub\u011b katamar\u00e1nu kone\u010dn\u011b doraz\u00edte na ostrov Saona. Kyvadlov\u00e1 doprava v\u00e1s vyzvedne a vysad\u00ed na n\u00e1dhern\u00e9 pl\u00e1\u017ei lemovan\u00e9 b\u00edl\u00fdm p\u00edskem a kokosov\u00fdmi palmami. Pokud v\u00e1s zaj\u00edmalo, zda r\u00e1j opravdu existuje, tady to zjist\u00edte! Pr\u016fvodce v\u00e1m uk\u00e1\u017ee, kde se nach\u00e1z\u00ed bar (s voln\u011b p\u0159\u00edstupn\u00fdmi n\u00e1poji), toalety, bufet a tak\u00e9 leh\u00e1tka a houpac\u00ed s\u00edt\u011b, kter\u00e9 m\u016f\u017eete vyu\u017e\u00edvat podle libosti.<\/p>\n<p>Pak je \u010das vyu\u017e\u00edt dv\u011b a p\u016fl hodiny, kter\u00e9 m\u00e1te na tomto n\u00e1dhern\u00e9m ostrov\u011b k dispozici. Je jen na v\u00e1s, zda se rozhodnete za\u010d\u00edt koup\u00e1n\u00edm v tyrkysov\u00fdch vod\u00e1ch ostrova Saona, focen\u00edm nebo chvilkou odpo\u010dinku v baru u vychlazen\u00e9ho piva. Volba je jen na v\u00e1s! Po j\u00eddle si m\u016f\u017eete op\u011bt zaplavat nebo si zaslou\u017een\u011b zd\u0159\u00edmnout.<\/p>\n<p>Po t\u011bchto kouzeln\u00fdch chv\u00edl\u00edch na tomto vysn\u011bn\u00e9m ostrov\u011b je \u010das nasednout na motorov\u00fd \u010dlun a vydat se k p\u0159\u00edrodn\u00edmu koupali\u0161ti. Zde si d\u00edky p\u00edse\u010dn\u00e9mu pruhu m\u016f\u017eete u\u017e\u00edvat m\u011blk\u00e9 pr\u016fzra\u010dn\u00e9 vody. Budete vyzv\u00e1ni, abyste vystoupili z lodi po mal\u00e9m \u017eeb\u0159\u00edku a pono\u0159ili se a z\u00e1rove\u0148 obdivovali ob\u0159\u00ed mo\u0159sk\u00e9 hv\u011bzdice. Jak vel\u00ed tradice, na stylov\u00e9 zakon\u010den\u00ed dne v\u00e1m bude nab\u00eddnut dominik\u00e1nsk\u00fd rum za doprovodu m\u00edstn\u00ed hudby.<\/p>\n<p>Pot\u00e9 se znovu nalod\u00edte na lo\u010f a vr\u00e1t\u00edte se do p\u0159\u00edstavu Bayahibe, kde na v\u00e1s bude \u010dekat doprava, kter\u00e1 v\u00e1s odveze zp\u011bt do hotelu. M\u016f\u017eete si b\u00fdt jisti, \u017ee se do sv\u00e9ho hotelu vr\u00e1t\u00edte s neuv\u011b\u0159iteln\u00fdmi vzpom\u00ednkami na tento nezapomenuteln\u00fd z\u00e1\u017eitek.<\/p>","protected":false},"excerpt":{"rendered":"<div data-track=\"overview\" data-v-56a1a938=\"\">\n<section id=\"activity-overview\" class=\"activity-overview\" data-component=\"overview\" data-v-56a1a938=\"\" data-v-f3236c42=\"\">\n<p class=\"activity-overview__content\" data-test-id=\"activity-overview-content\" data-v-f3236c42=\"\">Prozkoumejte ostrov Saona na plachetn\u00edm katamar\u00e1nu. U\u017eijte si 2,5 hodiny na pl\u00e1\u017ei, bufet a tyrkysov\u00e9 vody. Den zakon\u010dete v p\u0159\u00edrodn\u00edm baz\u00e9nu. Vra\u0165te se do hotelu s nezapomenuteln\u00fdmi vzpom\u00ednkami!<\/p>\n<\/section>\n<\/div>\n<div data-track=\"key-details\" data-v-56a1a938=\"\"><\/div>","protected":false},"featured_media":10264,"template":"","meta":[],"product_brand":[],"product_cat":[100],"product_tag":[102,101],"class_list":{"0":"post-10263","1":"product","2":"type-product","3":"status-publish","4":"has-post-thumbnail","6":"product_cat-dominican-republic","7":"product_tag-excursion","8":"product_tag-tour","10":"first","11":"instock","12":"sale","13":"shipping-taxable","14":"product-type-external"},"_links":{"self":[{"href":"https:\/\/puntacana.tours\/cs\/wp-json\/wp\/v2\/product\/10263","targetHints":{"allow":["GET"]}}],"collection":[{"href":"https:\/\/puntacana.tours\/cs\/wp-json\/wp\/v2\/product"}],"about":[{"href":"https:\/\/puntacana.tours\/cs\/wp-json\/wp\/v2\/types\/product"}],"wp:featuredmedia":[{"embeddable":true,"href":"https:\/\/puntacana.tours\/cs\/wp-json\/wp\/v2\/media\/10264"}],"wp:attachment":[{"href":"https:\/\/puntacana.tours\/cs\/wp-json\/wp\/v2\/media?parent=10263"}],"wp:term":[{"taxonomy":"product_brand","embeddable":true,"href":"https:\/\/puntacana.tours\/cs\/wp-json\/wp\/v2\/product_brand?post=10263"},{"taxonomy":"product_cat","embeddable":true,"href":"https:\/\/puntacana.tours\/cs\/wp-json\/wp\/v2\/product_cat?post=10263"},{"taxonomy":"product_tag","embeddable":true,"href":"https:\/\/puntacana.tours\/cs\/wp-json\/wp\/v2\/product_tag?post=10263"}],"curies":[{"name":"wp","href":"https:\/\/api.w.org\/{rel}","templated":true}]}}